{"id":40,"date":"2025-07-22T10:05:59","date_gmt":"2025-07-22T10:05:59","guid":{"rendered":"https:\/\/somabalans.24ok.pl\/?page_id=40"},"modified":"2025-08-01T13:03:09","modified_gmt":"2025-08-01T13:03:09","slug":"umow-wizyte","status":"publish","type":"page","link":"https:\/\/somabalans.pl\/?page_id=40","title":{"rendered":"Um\u00f3w wizyt\u0119"},"content":{"rendered":"\n<!-- ANKIETA DLA ZG\u0141ASZAJ\u0104CEGO SI\u0118 NA SESJ\u0118 -->\n<div style=\"display: flex; justify-content: center; margin-bottom: 20px;\">\n  <a href=\"https:\/\/docs.google.com\/forms\/d\/e\/1FAIpQLSfKcx1OJf525-uTOPqbQIFaS0tUcG2oJFfOzb8rvHrCKDsafQ\/viewform\" \n     target=\"_blank\" \n     style=\"background-color: #E4C441; color: black; padding: 12px 24px; border-radius: 6px; \n            text-decoration: none; font-weight: bold; font-family: sans-serif;\">\n    ANKIETA DLA ZG\u0141ASZAJ\u0104CEGO SI\u0118 NA SESJ\u0118\n  <\/a>\n<\/div>\n\n\n\n\n<!-- Formularz DANE DO FAKTURY -->\n<div style=\"display: flex; justify-content: center; margin-bottom: 20px;\">\n  <a href=\"https:\/\/docs.google.com\/forms\/d\/e\/1FAIpQLSe50U6qkS2e7l_IW5ADEUK3BO55QuykBs8FtrbNSuong86LdA\/viewform\" \n     target=\"_blank\" \n     style=\"background-color: #E4C441; color: black; padding: 12px 24px; border-radius: 6px; \n            text-decoration: none; font-weight: bold; font-family: sans-serif;\">\n    DANE DO FAKTURY\n  <\/a>\n<\/div>\n\n\n\n\n<!-- Przycisk ZAREZERWUJ SPOTKANIE -->\n<div style=\"display: flex; justify-content: center; margin-bottom: 20px;\">\n  <a href=\"https:\/\/calendar.google.com\/calendar\/appointments\/schedules\/AcZssZ0VmzgCv0hPT8nUxeQ1II4Wr--eKPwSgQb04rcL0LLSfbnqLH5RpaupVFy2OHAc8eXqFiqpi4Ps?gv=true\" \n     target=\"_blank\" \n     style=\"background-color: #E4C441; color: black; padding: 12px 24px; border-radius: 6px; \n            text-decoration: none; font-weight: bold; font-family: sans-serif;\">\n    ZAREZERWUJ SPOTKANIE\n  <\/a>\n<\/div>\n\n","protected":false},"excerpt":{"rendered":"<p>ANKIETA DLA ZG\u0141ASZAJ\u0104CEGO SI\u0118 NA SESJ\u0118 DANE DO FAKTURY ZAREZERWUJ SPOTKANIE<\/p>\n","protected":false},"author":1,"featured_media":0,"parent":0,"menu_order":0,"comment_status":"closed","ping_status":"closed","template":"","meta":{"footnotes":""},"class_list":["post-40","page","type-page","status-publish","hentry"],"_links":{"self":[{"href":"https:\/\/somabalans.pl\/index.php?rest_route=\/wp\/v2\/pages\/40","targetHints":{"allow":["GET"]}}],"collection":[{"href":"https:\/\/somabalans.pl\/index.php?rest_route=\/wp\/v2\/pages"}],"about":[{"href":"https:\/\/somabalans.pl\/index.php?rest_route=\/wp\/v2\/types\/page"}],"author":[{"embeddable":true,"href":"https:\/\/somabalans.pl\/index.php?rest_route=\/wp\/v2\/users\/1"}],"replies":[{"embeddable":true,"href":"https:\/\/somabalans.pl\/index.php?rest_route=%2Fwp%2Fv2%2Fcomments&post=40"}],"version-history":[{"count":20,"href":"https:\/\/somabalans.pl\/index.php?rest_route=\/wp\/v2\/pages\/40\/revisions"}],"predecessor-version":[{"id":90,"href":"https:\/\/somabalans.pl\/index.php?rest_route=\/wp\/v2\/pages\/40\/revisions\/90"}],"wp:attachment":[{"href":"https:\/\/somabalans.pl\/index.php?rest_route=%2Fwp%2Fv2%2Fmedia&parent=40"}],"curies":[{"name":"wp","href":"https:\/\/api.w.org\/{rel}","templated":true}]}}