{"id":38,"date":"2025-07-22T10:05:29","date_gmt":"2025-07-22T10:05:29","guid":{"rendered":"https:\/\/somabalans.24ok.pl\/?page_id=38"},"modified":"2026-02-11T14:52:27","modified_gmt":"2026-02-11T14:52:27","slug":"cennik","status":"publish","type":"page","link":"https:\/\/somabalans.pl\/?page_id=38","title":{"rendered":"Cennik"},"content":{"rendered":"\n<h2 class=\"wp-block-heading\">Cennik us\u0142ug SomaBalans<\/h2>\n\n\n\n<p>Zapoznaj si\u0119 z aktualn\u0105 ofert\u0105. Ka\u017cda us\u0142uga wykonywana jest profesjonalnie, z trosk\u0105 o Tw\u00f3j komfort i dobrostan.<br>Mo\u017cliwo\u015b\u0107 zakupu <strong>pakiet\u00f3w<\/strong> lub <strong>voucher\u00f3w prezentowych<\/strong>.<\/p>\n\n\n\n<hr class=\"wp-block-separator has-alpha-channel-opacity\"\/>\n\n\n\n<h3 class=\"wp-block-heading\">Komora hiperbaryczna ( 1,3 ATA)<\/h3>\n\n\n\n<ul class=\"wp-block-list\">\n<li><strong>Sesja indywidualna (80 min)<\/strong> \u2013 130 z\u0142<\/li>\n\n\n\n<li><strong>Pakiet 5 sesji<\/strong> \u2013 600 z\u0142<\/li>\n\n\n\n<li><strong>Pakiet 10 sesji<\/strong> \u2013 1 100 z\u0142<\/li>\n\n\n\n<li><strong>Pakiet 20 sesji <\/strong>&#8211; 1900 z\u0142<\/li>\n\n\n\n<li><strong>Sesja dla doros\u0142ego i dziecka (80 min)<\/strong> \u2013 190 z\u0142<\/li>\n\n\n\n<li>Pakiety rodzinne<\/li>\n\n\n\n<li><strong>5 sesji <\/strong>-900 z\u0142<\/li>\n\n\n\n<li><strong>10 sesji<\/strong>&#8211;   1 700 z\u0142<\/li>\n<\/ul>\n\n\n\n<hr class=\"wp-block-separator has-alpha-channel-opacity\"\/>\n\n\n\n<h3 class=\"wp-block-heading\"> Hawajski Lomi Lomi Nui<\/h3>\n\n\n\n<ul class=\"wp-block-list\">\n<li><strong>Ca\u0142e cia\u0142a (90 min)<\/strong> \u2013 250 z\u0142<\/li>\n\n\n\n<li><strong>Cz\u0119\u015bciowy (60 min)<\/strong> \u2013 200 z\u0142<\/li>\n<\/ul>\n\n\n\n<hr class=\"wp-block-separator has-alpha-channel-opacity\"\/>\n\n\n\n<h3 class=\"wp-block-heading\"> Kobido <\/h3>\n\n\n\n<ul class=\"wp-block-list\">\n<li><strong>Kobido (80 min)<\/strong> \u2013 180 z\u0142<\/li>\n\n\n\n<li><strong>Pakiet 6 <\/strong>sesji \u2013 960 z\u0142<\/li>\n<\/ul>\n\n\n\n<hr class=\"wp-block-separator has-alpha-channel-opacity\"\/>\n\n\n\n<h3 class=\"wp-block-heading\">Access Bars\u00ae<\/h3>\n\n\n\n<ul class=\"wp-block-list\">\n<li><strong>Sesja Access Bars (70 min)<\/strong> \u2013 200 z\u0142<\/li>\n\n\n\n<li><strong>Pakiet 5 sesji<\/strong> \u2013 700 z\u0142<\/li>\n<\/ul>\n\n\n\n<hr class=\"wp-block-separator has-alpha-channel-opacity\"\/>\n\n\n\n<h3 class=\"wp-block-heading\">Sesja treningu mentalnego<\/h3>\n\n\n\n<ul class=\"wp-block-list\">\n<li><strong>Indywidualna  ( 60min)<\/strong> \u2013 200 z\u0142<\/li>\n\n\n\n<li><strong>Planowanie <\/strong>\u2013 cena ustalana indywidualnie<\/li>\n<\/ul>\n\n\n\n<hr class=\"wp-block-separator has-alpha-channel-opacity\"\/>\n\n\n\n<h4 class=\"wp-block-heading\">Dodatkowe informacje<\/h4>\n\n\n\n<ul class=\"wp-block-list\">\n<li>Pakiety s\u0105 wa\u017cne przez 6 miesi\u0119cy od daty zakupu.<\/li>\n\n\n\n<li>Mo\u017cliwo\u015b\u0107 wystawienia rachunku.<\/li>\n\n\n\n<li>Przy zakupie pakietu \u2013 pierwsza konsultacja GRATIS!<\/li>\n\n\n\n<li>Vouchery prezentowe dost\u0119pne na dowoln\u0105 us\u0142ug\u0119, wa\u017cne 6 miesi\u0119cy od daty zakupu<\/li>\n<\/ul>\n\n\n\n<hr class=\"wp-block-separator has-alpha-channel-opacity\"\/>\n\n\n\n<p><strong>Zadbaj o siebie \u2013 zarezerwuj wizyt\u0119 ju\u017c dzi\u015b!<\/strong><br>\u260e 519 635 027 | \u2709 <a>ggilewicz01@gmail.com<\/a><\/p>\n","protected":false},"excerpt":{"rendered":"<p>Cennik us\u0142ug SomaBalans Zapoznaj si\u0119 z aktualn\u0105 ofert\u0105. Ka\u017cda us\u0142uga wykonywana jest profesjonalnie, z trosk\u0105 o Tw\u00f3j komfort i dobrostan.Mo\u017cliwo\u015b\u0107 zakupu pakiet\u00f3w lub voucher\u00f3w prezentowych. Komora hiperbaryczna ( 1,3 ATA) Hawajski Lomi Lomi Nui Kobido Access Bars\u00ae Sesja treningu mentalnego Dodatkowe informacje Zadbaj o siebie \u2013 zarezerwuj wizyt\u0119 ju\u017c dzi\u015b!\u260e 519 635 027 | \u2709 [&hellip;]<\/p>\n","protected":false},"author":1,"featured_media":0,"parent":0,"menu_order":0,"comment_status":"closed","ping_status":"closed","template":"","meta":{"footnotes":""},"class_list":["post-38","page","type-page","status-publish","hentry"],"_links":{"self":[{"href":"https:\/\/somabalans.pl\/index.php?rest_route=\/wp\/v2\/pages\/38","targetHints":{"allow":["GET"]}}],"collection":[{"href":"https:\/\/somabalans.pl\/index.php?rest_route=\/wp\/v2\/pages"}],"about":[{"href":"https:\/\/somabalans.pl\/index.php?rest_route=\/wp\/v2\/types\/page"}],"author":[{"embeddable":true,"href":"https:\/\/somabalans.pl\/index.php?rest_route=\/wp\/v2\/users\/1"}],"replies":[{"embeddable":true,"href":"https:\/\/somabalans.pl\/index.php?rest_route=%2Fwp%2Fv2%2Fcomments&post=38"}],"version-history":[{"count":13,"href":"https:\/\/somabalans.pl\/index.php?rest_route=\/wp\/v2\/pages\/38\/revisions"}],"predecessor-version":[{"id":240,"href":"https:\/\/somabalans.pl\/index.php?rest_route=\/wp\/v2\/pages\/38\/revisions\/240"}],"wp:attachment":[{"href":"https:\/\/somabalans.pl\/index.php?rest_route=%2Fwp%2Fv2%2Fmedia&parent=38"}],"curies":[{"name":"wp","href":"https:\/\/api.w.org\/{rel}","templated":true}]}}