{"id":2,"date":"2025-07-21T06:32:38","date_gmt":"2025-07-21T06:32:38","guid":{"rendered":"https:\/\/somabalans.24ok.pl\/?page_id=2"},"modified":"2025-12-29T21:49:41","modified_gmt":"2025-12-29T21:49:41","slug":"o-mnie","status":"publish","type":"page","link":"https:\/\/somabalans.pl\/?page_id=2","title":{"rendered":"O mnie"},"content":{"rendered":"\n<div class=\"wp-block-group has-global-padding is-content-justification-right is-layout-constrained wp-container-core-group-is-layout-f1f2ed93 wp-block-group-is-layout-constrained\">\n<p class=\"has-text-align-left\">Nazywam si\u0119 Gra\u017cyna Gilewicz. Tworz\u0119 przestrze\u0144 SomaBalans- Rado\u015b\u0107 Bycia, w kt\u00f3rej cia\u0142o, umys\u0142 i dusza odzyskuj\u0105 r\u00f3wnowag\u0119. <\/p>\n\n\n\n<p class=\"has-text-align-left\">Od zawsze interesowa\u0142o mnie, jak dzia\u0142a energia &#8211; najpierw w \u015bwiecie przyrody, potem w cz\u0142owieku. Z wykszta\u0142cenia jestem fizykiem, przez wiele lat pracowa\u0142am przy projektach zwi\u0105zanych z odnawialnymi \u017ar\u00f3d\u0142ami energii (OZE), prowadz\u0105c dzia\u0142ania edukacyjne, wspieraj\u0105c ludzi w zwi\u0119kszaniu \u015bwiadomo\u015bci ekologicznej i energetycznej. Fascynowa\u0142o mnie to, jak energia przep\u0142ywa w przyrodzie i jak mo\u017cemy \u017cy\u0107 w wi\u0119kszej harmonii z natur\u0105. Z czasem odkry\u0142am, \u017ce r\u00f3wnie wa\u017cna jest energia, kt\u00f3ra p\u0142ynie w nas samych.<\/p>\n\n\n\n<p class=\"has-text-align-left\">Przesz\u0142am przez ro\u017cne \u017cyciowe trudno\u015bci &#8211; choroby, emocjonalne kryzysy, do\u015bwiadczy\u0142am trudnych relacji i strat. To one nauczy\u0142y mnie jak cia\u0142o i emocje s\u0105 ze sob\u0105 po\u0142\u0105czone, dzi\u0119ki temu dzi\u015b potrafi\u0119 zrozumie\u0107 ludzi, kt\u00f3rzy czuj\u0105 si\u0119 przyt\u0142oczeni, bez energii lub w wewn\u0119trznym chaosie &#8211; bo sama przez to przesz\u0142am. <\/p>\n\n\n\n<p>Od wielu lat ucz\u0119 si\u0119 i rozwijam &#8211; uczestniczy\u0142am w licznych kursach i warsztatach pracy z cia\u0142em, energi\u0105 i emocjami. Pomagam lepiej zrozumie\u0107 \u017ar\u00f3d\u0142o trudno\u015bci zdrowotnych, emocjonalnych i \u017cyciowych. Wiem, \u017ce to w\u0142a\u015bnie zrozumienie siebie stanowi fundament \u015bwiadomego, wolnego \u017cycia.<\/p>\n\n\n\n<p>W swojej pracy \u0142\u0105cz\u0119 wiedz\u0119 zdobyt\u0105 na r\u00f3\u017cnych kursach, szkoleniach i warsztatach z wiedz\u0105 akademick\u0105, a przede wszystkim &#8211; do\u015bwiadczenie \u017cyciowe i g\u0142\u0119bok\u0105 empati\u0119. <\/p>\n\n\n\n<p>Stawiam na profesjonalizm i indywidualne podej\u015bcie do ka\u017cdego klienta.<\/p>\n\n\n\n<p>Pracuj\u0119 holistycznie &#8211; z cia\u0142em, umys\u0142em i energi\u0105. Podczas sesji tworz\u0119 bezpieczn\u0105 przestrze\u0144, w kt\u00f3rej cia\u0142o mo\u017ce si\u0119 odpr\u0119\u017cy\u0107, umys\u0142 wyciszy\u0107, a energia zn\u00f3w swobodnie p\u0142yn\u0105\u0107. Wykorzystuj\u0119 techniki takie jak: trening mentalny, Lomi Lomi, Kobido, Access Bars oraz sesje w komorze tlenowej, wspieraj\u0105c naturalne procesy regeneracji.<\/p>\n\n\n\n<figure class=\"wp-block-pullquote has-text-align-center is-style-plain\"><blockquote><p><em>&#8222;To czemu stawiasz op\u00f3r, trwa. To, co obejmujesz akceptacj\u0105, przemienia si\u0119&#8221; -Carl Gustav Jung<\/em><\/p><\/blockquote><\/figure>\n<\/div>\n\n\n\n<p>Zapraszam Ci\u0119 do SomaBalans, je\u015bli potrzebujesz chwili oddechu, spokojnego umys\u0142u i uwolnienia zablokowanych emocji z cia\u0142a. <br><\/p>\n\n\n\n<p class=\"has-text-align-center\"><strong>Gra\u017cyna Gilewicz<\/strong><br><strong>SomaBalans<\/strong> <br><strong>\u2013 Rado\u015b\u0107 Bycia<\/strong><br>Konopnica 95u, 21-030 Konopnica<br>\u260e\ufe0f 519 635 027<br>\u2709\ufe0f <a>ggilewicz01@gmail.com<\/a><br><\/p>\n\n\n\n<p><\/p>\n","protected":false},"excerpt":{"rendered":"<p>Nazywam si\u0119 Gra\u017cyna Gilewicz. Tworz\u0119 przestrze\u0144 SomaBalans- Rado\u015b\u0107 Bycia, w kt\u00f3rej cia\u0142o, umys\u0142 i dusza odzyskuj\u0105 r\u00f3wnowag\u0119. Od zawsze interesowa\u0142o mnie, jak dzia\u0142a energia &#8211; najpierw w \u015bwiecie przyrody, potem w cz\u0142owieku. Z wykszta\u0142cenia jestem fizykiem, przez wiele lat pracowa\u0142am przy projektach zwi\u0105zanych z odnawialnymi \u017ar\u00f3d\u0142ami energii (OZE), prowadz\u0105c dzia\u0142ania edukacyjne, wspieraj\u0105c ludzi w zwi\u0119kszaniu [&hellip;]<\/p>\n","protected":false},"author":1,"featured_media":0,"parent":0,"menu_order":0,"comment_status":"closed","ping_status":"closed","template":"","meta":{"footnotes":""},"class_list":["post-2","page","type-page","status-publish","hentry"],"_links":{"self":[{"href":"https:\/\/somabalans.pl\/index.php?rest_route=\/wp\/v2\/pages\/2","targetHints":{"allow":["GET"]}}],"collection":[{"href":"https:\/\/somabalans.pl\/index.php?rest_route=\/wp\/v2\/pages"}],"about":[{"href":"https:\/\/somabalans.pl\/index.php?rest_route=\/wp\/v2\/types\/page"}],"author":[{"embeddable":true,"href":"https:\/\/somabalans.pl\/index.php?rest_route=\/wp\/v2\/users\/1"}],"replies":[{"embeddable":true,"href":"https:\/\/somabalans.pl\/index.php?rest_route=%2Fwp%2Fv2%2Fcomments&post=2"}],"version-history":[{"count":28,"href":"https:\/\/somabalans.pl\/index.php?rest_route=\/wp\/v2\/pages\/2\/revisions"}],"predecessor-version":[{"id":224,"href":"https:\/\/somabalans.pl\/index.php?rest_route=\/wp\/v2\/pages\/2\/revisions\/224"}],"wp:attachment":[{"href":"https:\/\/somabalans.pl\/index.php?rest_route=%2Fwp%2Fv2%2Fmedia&parent=2"}],"curies":[{"name":"wp","href":"https:\/\/api.w.org\/{rel}","templated":true}]}}