{"id":19,"date":"2025-07-22T08:24:08","date_gmt":"2025-07-22T08:24:08","guid":{"rendered":"https:\/\/somabalans.24ok.pl\/?page_id=19"},"modified":"2026-02-08T11:04:44","modified_gmt":"2026-02-08T11:04:44","slug":"oferta","status":"publish","type":"page","link":"https:\/\/somabalans.pl\/?page_id=19","title":{"rendered":"Oferta"},"content":{"rendered":"\n<div class=\"wp-block-group alignfull has-base-2-background-color has-background has-global-padding is-layout-constrained wp-container-core-group-is-layout-7cd14b77 wp-block-group-is-layout-constrained\" style=\"margin-top:0;margin-bottom:0;padding-top:var(--wp--preset--spacing--60);padding-right:var(--wp--preset--spacing--60);padding-bottom:var(--wp--preset--spacing--60);padding-left:var(--wp--preset--spacing--60)\">\n<div class=\"wp-block-group alignwide is-layout-flow wp-block-group-is-layout-flow\">\n<div class=\"wp-block-columns is-layout-flex wp-container-core-columns-is-layout-28f84493 wp-block-columns-is-layout-flex\">\n<div class=\"wp-block-column is-layout-flow wp-block-column-is-layout-flow\" style=\"flex-basis:100%\">\n<div class=\"wp-block-columns is-layout-flex wp-container-core-columns-is-layout-28f84493 wp-block-columns-is-layout-flex\">\n<div class=\"wp-block-column is-layout-flow wp-block-column-is-layout-flow\" style=\"flex-basis:100%\">\n<div class=\"wp-block-columns is-layout-flex wp-container-core-columns-is-layout-28f84493 wp-block-columns-is-layout-flex\">\n<div class=\"wp-block-column is-layout-flow wp-block-column-is-layout-flow\" style=\"flex-basis:33.33%\">\n<h2 class=\"wp-block-heading\">Kobido <br><\/h2>\n<\/div>\n\n\n\n<div class=\"wp-block-column is-layout-flow wp-block-column-is-layout-flow\" style=\"flex-basis:66.66%\">\n<div class=\"wp-block-columns is-layout-flex wp-container-core-columns-is-layout-28f84493 wp-block-columns-is-layout-flex\">\n<div class=\"wp-block-column is-layout-flow wp-block-column-is-layout-flow\">\n<p><strong>Co to jest?<\/strong><br>Kobido- tradycyjna japo\u0144ska praca z cia\u0142em i energi\u0105 harmonizuj\u0105ca cia\u0142o i umys\u0142.<\/p>\n<\/div>\n\n\n\n<div class=\"wp-block-column is-layout-flow wp-block-column-is-layout-flow\">\n<p><strong>Na czym polega?<\/strong><br>Poprzez precyzyjne i rytmiczne techniki dotyku, twarz zostaje rozlu\u017aniona, napi\u0119cia uwolnione, a naturalna witalno\u015b\u0107 i promienno\u015b\u0107 sk\u00f3ry przywr\u00f3cona. Pobudzane s\u0105 procesy regeneracyjne, produkcja kolagenu oraz naturalny drena\u017c limfatyczny. <\/p>\n<\/div>\n<\/div>\n<\/div>\n<\/div>\n<\/div>\n<\/div>\n<\/div>\n<\/div>\n\n\n\n<div class=\"wp-block-columns is-layout-flex wp-container-core-columns-is-layout-28f84493 wp-block-columns-is-layout-flex\">\n<div class=\"wp-block-column is-layout-flow wp-block-column-is-layout-flow\">\n<h2 class=\"wp-block-heading\">Lomi Lomi Nui<br> <br><\/h2>\n\n\n\n<p><\/p>\n<\/div>\n\n\n\n<div class=\"wp-block-column is-layout-flow wp-block-column-is-layout-flow\">\n<p><strong>Co to jest?<\/strong><br>Lomi Lomi Nui- \u015bwiadoma praca z cia\u0142em i energi\u0105 w pe\u0142nym rytmie i p\u0142ynno\u015bci, wywodz\u0105ca si\u0119 z tradycji hawajskiej.<\/p>\n<\/div>\n\n\n\n<div class=\"wp-block-column is-layout-flow wp-block-column-is-layout-flow\">\n<p><strong>Na czym polega?<\/strong><br> Wykonywany jest g\u0142\u00f3wnie przedramionami, w rytmicznych, d\u0142ugich ruchach, cz\u0119sto przy d\u017awi\u0119kach muzyki hawajskiej, ciep\u0142ym olejem. Praca z cia\u0142em odbywa si\u0119 na r\u00f3\u017cnych poziomach \u2013 rozlu\u017ania mi\u0119\u015bnie, uspokaja umys\u0142, \u0142agodzi napi\u0119cia i stres. <\/p>\n<\/div>\n<\/div>\n\n\n\n<div class=\"wp-block-columns is-layout-flex wp-container-core-columns-is-layout-28f84493 wp-block-columns-is-layout-flex\">\n<div class=\"wp-block-column is-layout-flow wp-block-column-is-layout-flow\" style=\"flex-basis:100%\">\n<div class=\"wp-block-columns is-layout-flex wp-container-core-columns-is-layout-28f84493 wp-block-columns-is-layout-flex\">\n<div class=\"wp-block-column is-layout-flow wp-block-column-is-layout-flow\">\n<h2 class=\"wp-block-heading\">Access Bars\u00ae <br>transformuj\u0105cy dotyk g\u0142owy<\/h2>\n<\/div>\n\n\n\n<div class=\"wp-block-column is-layout-flow wp-block-column-is-layout-flow\">\n<p><strong>Co to jest?<\/strong><br>Access Bars\u00ae &#8211; metoda delikatnego dotyku 32 punkt\u00f3w na g\u0142owie, opracowana przez Access Consciousness\u00ae.<\/p>\n<\/div>\n\n\n\n<div class=\"wp-block-column is-layout-flow wp-block-column-is-layout-flow\">\n<p><strong>Na czym polega?<\/strong><br>To delikatna, dotykowa technika energetyczna, podczas kt\u00f3rej uciskane s\u0105 punkty na g\u0142owie- tzw. &#8222;barsy&#8221;. Ka\u017cdy punkt odpowiada za r\u00f3\u017cne obszary \u017cycia: my\u015bli, emocje, przekonania i schematy.<\/p>\n<\/div>\n<\/div>\n<\/div>\n<\/div>\n\n\n\n<div class=\"wp-block-columns is-layout-flex wp-container-core-columns-is-layout-28f84493 wp-block-columns-is-layout-flex\">\n<div class=\"wp-block-column is-layout-flow wp-block-column-is-layout-flow\" style=\"flex-basis:100%\">\n<div class=\"wp-block-columns is-layout-flex wp-container-core-columns-is-layout-28f84493 wp-block-columns-is-layout-flex\">\n<div class=\"wp-block-column is-layout-flow wp-block-column-is-layout-flow\">\n<h2 class=\"wp-block-heading\">Sesje treningu mentalnego<\/h2>\n<\/div>\n\n\n\n<div class=\"wp-block-column is-layout-flow wp-block-column-is-layout-flow\">\n<p><strong>Co to jest?<\/strong><br>\u015awiadoma praca z umys\u0142em, emocjami i&nbsp;przekonaniami, kt\u00f3rej celem jest wzmocnienie wewn\u0119trznej si\u0142y, odporno\u015bci psychicznej, spokoju oraz klarowno\u015bci w dzia\u0142aniu.<br><\/p>\n<\/div>\n\n\n\n<div class=\"wp-block-column is-layout-flow wp-block-column-is-layout-flow\">\n<p><strong>Na czym polega?<\/strong><br>Trening mentalny to proces, kt\u00f3ry mo\u017ce obejmowa\u0107 prac\u0119 z m.in. <\/p>\n\n\n\n<p>*przekonaniami \u2013 rozpoznawanie i&nbsp;przekszta\u0142canie my\u015bli, kt\u00f3re nas ograniczaj\u0105,<\/p>\n\n\n\n<p>*budowanie uwa\u017cno\u015bci i obecno\u015bci \u2013 by \u017cy\u0107 mniej automatycznie, a bardziej \u015bwiadomie<br>zarz\u0105dzanie <\/p>\n\n\n\n<p>*emocjami i stresem \u2013 nauka regulacji emocji zamiast ich t\u0142umienia,<\/p>\n\n\n\n<p>*wzmacnianie poczucia sprawczo\u015bci i&nbsp;motywacji,<\/p>\n\n\n\n<p>*budowanie wspieraj\u0105cych nawyk\u00f3w my\u015blowych i praktyk duchowych<\/p>\n<\/div>\n<\/div>\n<\/div>\n<\/div>\n\n\n\n<div class=\"wp-block-columns is-layout-flex wp-container-core-columns-is-layout-28f84493 wp-block-columns-is-layout-flex\">\n<div class=\"wp-block-column is-layout-flow wp-block-column-is-layout-flow\" style=\"flex-basis:100%\">\n<div class=\"wp-block-columns is-layout-flex wp-container-core-columns-is-layout-28f84493 wp-block-columns-is-layout-flex\">\n<div class=\"wp-block-column is-layout-flow wp-block-column-is-layout-flow\">\n<h2 class=\"wp-block-heading\">Komora hiperbaryczna (1,3 ATA)<\/h2>\n<\/div>\n\n\n\n<div class=\"wp-block-column is-layout-flow wp-block-column-is-layout-flow\">\n<p><strong>Co to jest?<\/strong><br>Sesja w komorze hiperbarycznej to czas g\u0142\u0119bokiego oddechu i regeneracji w kt\u00f3rym podwy\u017cszone ci\u015bnienie i tlen wspieraj\u0105 cia\u0142o w powrocie do r\u00f3wnowagi, uruchamia si\u0119 g\u0142\u0119boka regeneracja i naturalna odnowa kom\u00f3rkowa.<br><\/p>\n<\/div>\n\n\n\n<div class=\"wp-block-column is-layout-flow wp-block-column-is-layout-flow\">\n<p><strong>Na czym polega?<\/strong><br>Polega na wzbogaceniu organizmu czystym tlenem pod kontrolowanym ci\u015bnieniem, co wspiera regeneracj\u0119 kom\u00f3rek, przy\u015bpiesza gojenie, poprawia koncentracj\u0119 i dodaje energii.<\/p>\n<\/div>\n<\/div>\n<\/div>\n<\/div>\n<\/div>\n<\/div>\n\n\n\n<p><\/p>\n","protected":false},"excerpt":{"rendered":"<p>Kobido Co to jest?Kobido- tradycyjna japo\u0144ska praca z cia\u0142em i energi\u0105 harmonizuj\u0105ca cia\u0142o i umys\u0142. Na czym polega?Poprzez precyzyjne i rytmiczne techniki dotyku, twarz zostaje rozlu\u017aniona, napi\u0119cia uwolnione, a naturalna witalno\u015b\u0107 i promienno\u015b\u0107 sk\u00f3ry przywr\u00f3cona. Pobudzane s\u0105 procesy regeneracyjne, produkcja kolagenu oraz naturalny drena\u017c limfatyczny. Lomi Lomi Nui Co to jest?Lomi Lomi Nui- \u015bwiadoma praca [&hellip;]<\/p>\n","protected":false},"author":1,"featured_media":26,"parent":0,"menu_order":0,"comment_status":"closed","ping_status":"closed","template":"","meta":{"footnotes":""},"class_list":["post-19","page","type-page","status-publish","has-post-thumbnail","hentry"],"_links":{"self":[{"href":"https:\/\/somabalans.pl\/index.php?rest_route=\/wp\/v2\/pages\/19","targetHints":{"allow":["GET"]}}],"collection":[{"href":"https:\/\/somabalans.pl\/index.php?rest_route=\/wp\/v2\/pages"}],"about":[{"href":"https:\/\/somabalans.pl\/index.php?rest_route=\/wp\/v2\/types\/page"}],"author":[{"embeddable":true,"href":"https:\/\/somabalans.pl\/index.php?rest_route=\/wp\/v2\/users\/1"}],"replies":[{"embeddable":true,"href":"https:\/\/somabalans.pl\/index.php?rest_route=%2Fwp%2Fv2%2Fcomments&post=19"}],"version-history":[{"count":32,"href":"https:\/\/somabalans.pl\/index.php?rest_route=\/wp\/v2\/pages\/19\/revisions"}],"predecessor-version":[{"id":238,"href":"https:\/\/somabalans.pl\/index.php?rest_route=\/wp\/v2\/pages\/19\/revisions\/238"}],"wp:featuredmedia":[{"embeddable":true,"href":"https:\/\/somabalans.pl\/index.php?rest_route=\/wp\/v2\/media\/26"}],"wp:attachment":[{"href":"https:\/\/somabalans.pl\/index.php?rest_route=%2Fwp%2Fv2%2Fmedia&parent=19"}],"curies":[{"name":"wp","href":"https:\/\/api.w.org\/{rel}","templated":true}]}}